{"id":975,"date":"2025-08-26T02:50:06","date_gmt":"2025-08-26T02:50:06","guid":{"rendered":"https:\/\/www.9dieciseis.com\/?page_id=975"},"modified":"2025-08-28T11:23:14","modified_gmt":"2025-08-28T11:23:14","slug":"aviso-legal","status":"publish","type":"page","link":"https:\/\/www.9dieciseis.com\/?page_id=975","title":{"rendered":"Aviso Legal"},"content":{"rendered":"\t\t<div data-elementor-type=\"wp-page\" data-elementor-id=\"975\" class=\"elementor elementor-975\" data-elementor-post-type=\"page\">\n\t\t\t\t<div class=\"elementor-element elementor-element-f7d50e3 e-con-full e-flex e-con e-parent\" data-id=\"f7d50e3\" data-element_type=\"container\" data-settings=\"{&quot;background_background&quot;:&quot;classic&quot;,&quot;background_motion_fx_motion_fx_scrolling&quot;:&quot;yes&quot;,&quot;background_motion_fx_translateY_effect&quot;:&quot;yes&quot;,&quot;background_motion_fx_translateY_speed&quot;:{&quot;unit&quot;:&quot;px&quot;,&quot;size&quot;:7.5,&quot;sizes&quot;:[]},&quot;background_motion_fx_translateY_affectedRange&quot;:{&quot;unit&quot;:&quot;%&quot;,&quot;size&quot;:&quot;&quot;,&quot;sizes&quot;:{&quot;start&quot;:18,&quot;end&quot;:76}},&quot;background_motion_fx_devices&quot;:[&quot;desktop&quot;,&quot;tablet&quot;,&quot;mobile&quot;]}\">\n\t\t<div class=\"elementor-element elementor-element-4cac33d e-con-full e-flex e-con e-child\" data-id=\"4cac33d\" data-element_type=\"container\">\n\t\t\t\t<div class=\"elementor-element elementor-element-9d73b44 elementor-widget-mobile__width-inherit elementor-widget elementor-widget-image\" data-id=\"9d73b44\" data-element_type=\"widget\" data-widget_type=\"image.default\">\n\t\t\t\t\t\t\t\t\t\t\t\t\t\t\t\t<a href=\"https:\/\/www.9dieciseis.com\">\n\t\t\t\t\t\t\t<img fetchpriority=\"high\" decoding=\"async\" width=\"800\" height=\"413\" src=\"https:\/\/www.9dieciseis.com\/wp-content\/uploads\/2025\/08\/Sin-titulo-22-e1754451868310-1024x529.png\" class=\"attachment-large size-large wp-image-37\" alt=\"\" srcset=\"https:\/\/www.9dieciseis.com\/wp-content\/uploads\/2025\/08\/Sin-titulo-22-e1754451868310-1024x529.png 1024w, https:\/\/www.9dieciseis.com\/wp-content\/uploads\/2025\/08\/Sin-titulo-22-e1754451868310-300x155.png 300w, https:\/\/www.9dieciseis.com\/wp-content\/uploads\/2025\/08\/Sin-titulo-22-e1754451868310-768x397.png 768w, https:\/\/www.9dieciseis.com\/wp-content\/uploads\/2025\/08\/Sin-titulo-22-e1754451868310.png 1078w\" sizes=\"(max-width: 800px) 100vw, 800px\" \/>\t\t\t\t\t\t\t\t<\/a>\n\t\t\t\t\t\t\t\t\t\t\t\t\t\t\t<\/div>\n\t\t\t\t<\/div>\n\t\t<div class=\"elementor-element elementor-element-505bcf0 e-con-full e-flex e-con e-child\" data-id=\"505bcf0\" data-element_type=\"container\">\n\t\t<div class=\"elementor-element elementor-element-100c23b e-con-full e-flex e-con e-child\" data-id=\"100c23b\" data-element_type=\"container\">\n\t\t\t\t<\/div>\n\t\t\t\t<\/div>\n\t\t\t\t<\/div>\n\t\t<div class=\"elementor-element elementor-element-fa55e83 e-con-full e-flex e-con e-parent\" data-id=\"fa55e83\" data-element_type=\"container\" data-settings=\"{&quot;background_background&quot;:&quot;classic&quot;}\">\n\t\t\t\t<div class=\"elementor-element elementor-element-a4d9935 elementor-widget elementor-widget-text-editor\" data-id=\"a4d9935\" data-element_type=\"widget\" data-widget_type=\"text-editor.default\">\n\t\t\t\t\t\t\t\t\t<p>\u00a0<\/p><h2>AVISO LEGAL<\/h2><p>En cumplimiento del art\u00edculo 10 de la Ley 34\/2002, de 11 de julio, de Servicios de la Sociedad de la Informaci\u00f3n y del Comercio Electr\u00f3nico (LSSI\u2011CE), y conforme al Reglamento (UE) 2016\/679 (RGPD) y la Ley Org\u00e1nica 3\/2018, de 5 de diciembre, de Protecci\u00f3n de Datos Personales y garant\u00eda de los derechos digitales (LOPDGDD), se informa a los usuarios de este sitio web de los siguientes extremos:<\/p><hr \/><h3>\u00a0<\/h3><h3>1. DATOS IDENTIFICATIVOS DEL TITULAR<\/h3><ul><li><strong>Titular \/ Raz\u00f3n social:<\/strong>\u20039DIECISEIS BARCELONA S.L.<\/li><li><strong>Nombre comercial:<\/strong>\u20039DIECISEIS BARCELONA<\/li><li><strong>NIF \/ CIF:<\/strong>\u2003B22673503<\/li><li><strong>Registro mercantil:<\/strong>\u20031\u00aa Hoja B-637785, Folio 1 del tomo\/ I.R.U.S\u00a0 1000453748159<\/li><li><strong>Domicilio social:<\/strong>\u2003C\/ Salvadors 9, 7-2. L&#8217;Hospitalet de Llobregat. 08902. Espa\u00f1a.<\/li><li><strong>Correo electr\u00f3nico de contacto:<\/strong>\u2003<span style=\"font-size: 11.0pt;\">info@<\/span><span style=\"font-size: 12.0pt;\">9dieciseis.com<\/span><\/li><\/ul><hr \/><h3>\u00a0<\/h3><h3>2. OBJETO Y FINALIDAD DEL SITIO WEB<\/h3><p>A trav\u00e9s del sitio web <strong>9dieciseis.com<\/strong>, se proporciona la siguiente actividad:<\/p><ul><li>Prestaci\u00f3n de servicios de marketing digital, dise\u00f1o de contenidos estrat\u00e9gicos, captaci\u00f3n de clientes, portafolio, etc.<\/li><li>El acceso y uso de este sitio web est\u00e1n destinados \u00fanica y exclusivamente a los fines expuestos; cualquier otro uso se considera no autorizado.<\/li><\/ul><hr \/><h3>\u00a0<\/h3><h3>3. CONDICIONES DE USO<\/h3><ul><li>El acceso y la navegaci\u00f3n por este sitio web atribuyen la condici\u00f3n de <strong>Usuario<\/strong>, que se compromete a cumplir con la normativa vigente, las condiciones contenidas en este Aviso Legal, y dem\u00e1s avisos legales aplicables.<\/li><li>En caso de discrepancia entre este Aviso Legal y otros documentos (pol\u00edtica de privacidad, cookies, condiciones de uso), prevalecer\u00e1 lo indicado aqu\u00ed, salvo referencia expresa a lo contrario.<\/li><li>El Titular se reserva el derecho de modificar este Aviso Legal en cualquier momento, sin necesidad de previo aviso. La versi\u00f3n publicada en el sitio web en cada acceso ser\u00e1 la aplicable.<\/li><\/ul><hr \/><h3>\u00a0<\/h3><h3>4. PROPIEDAD INDUSTRIAL E INTELECTUAL<\/h3><ul><li>Todos los contenidos publicados (textos, im\u00e1genes, logotipos, gr\u00e1ficos, dise\u00f1os, c\u00f3digo fuente, etc.) son propiedad del Titular o cuenta con licencia o autorizaci\u00f3n expresa de terceros.<\/li><li>Queda expresamente prohibida su reproducci\u00f3n, distribuci\u00f3n, transformaci\u00f3n, comunicaci\u00f3n p\u00fablica o cualquier otra forma de explotaci\u00f3n, salvo autorizaci\u00f3n expresa y por escrito del Titular.<\/li><\/ul><hr \/><h3>\u00a0<\/h3><h3>5. EXENCI\u00d3N DE RESPONSABILIDAD<\/h3><ul><li>El Titular no garantiza la disponibilidad continua del sitio web ni se responsabiliza por las interrupciones, fallos, o contenido err\u00f3neo que pudiera aparecer.<\/li><li>No se asume responsabilidad por virus o programas maliciosos que puedan afectar al sistema del Usuario durante la navegaci\u00f3n.<\/li><li>Enlaces a sitios externos: este sitio puede contener hiperv\u00ednculos a p\u00e1ginas de terceros, cuya responsabilidad no recae sobre el Titular. Su inclusi\u00f3n no implica aprobaci\u00f3n ni respaldo.<\/li><\/ul><hr \/><h3>\u00a0<\/h3><h3>6. PROTECCI\u00d3N DE DATOS PERSONALES<\/h3><ul><li>El tratamiento de datos personales, cuando se realice (por ejemplo, a trav\u00e9s de formularios de contacto), se regir\u00e1 por la <a href=\"https:\/\/www.9dieciseis.com\/?page_id=976\"><strong>Pol\u00edtica de Privacidad<\/strong><\/a> del sitio.<\/li><li>El Usuario puede ejercer los derechos de acceso, rectificaci\u00f3n, supresi\u00f3n, limitaci\u00f3n, portabilidad y oposici\u00f3n mediante contacto a trav\u00e9s de:<ul><li><strong>Correo electr\u00f3nico:<\/strong>\u2003<span style=\"font-size: 11.0pt;\">info@<\/span><span style=\"font-size: 12.0pt;\">9dieciseis.com<\/span><\/li><li><strong>Direcci\u00f3n postal:<\/strong>\u2003C\/ Salvadors 9, 7-2. L&#8217;Hospitalet de Llobregat. 08902. Espa\u00f1a.<\/li><li><strong>Plazos de conservaci\u00f3n:<\/strong>\u2003Durante el tiempo necesario para cumplir la finalidad, o seg\u00fan lo exigido por la normativa vigente.<\/li><\/ul><\/li><\/ul><hr \/><h3>\u00a0<\/h3><h3>7. POL\u00cdTICA DE COOKIES<\/h3><ul><li>Este sitio web utiliza <strong>cookies<\/strong>, tal y como detallamos en nuestra <a href=\"https:\/\/www.9dieciseis.com\/?page_id=977\"><strong>Pol\u00edtica de Cookies.<\/strong><\/a><\/li><li>El Usuario tiene la opci\u00f3n de aceptar, rechazar o configurar las cookies a trav\u00e9s del banner o mediante las opciones de su navegador.<\/li><\/ul><hr \/><h3>\u00a0<\/h3><h3>8. LEY APLICABLE Y JURISDICCI\u00d3N<\/h3><ul><li>Para cualquier cuesti\u00f3n litigiosa derivada del acceso o uso de este sitio web, se aplicar\u00e1 la legislaci\u00f3n espa\u00f1ola.<\/li><li>Las partes se someten expresamente a los <strong>Juzgados y Tribunales de Barcelona<\/strong>, renunciando a cualquier otro fuero que pudiera corresponderles.<\/li><\/ul><hr \/><h3>\u00a0<\/h3><h3>9. DATOS DE CONTACTO<\/h3><ul><li><strong>Correo electr\u00f3nico:<\/strong>\u2003 <a href=\"mailto:info@9dieciseis.com\">info@9dieciseis.com<\/a><\/li><li><strong>Tel\u00e9fono:\u00a0 <\/strong>+34 633 544 589<\/li><\/ul>\t\t\t\t\t\t\t\t<\/div>\n\t\t\t\t<\/div>\n\t\t<div class=\"elementor-element elementor-element-64599b3 e-con-full e-flex e-con e-parent\" data-id=\"64599b3\" data-element_type=\"container\" data-settings=\"{&quot;background_background&quot;:&quot;classic&quot;}\">\n\t\t<div class=\"elementor-element elementor-element-c688edf e-flex e-con-boxed e-con e-child\" data-id=\"c688edf\" data-element_type=\"container\">\n\t\t\t\t\t<div class=\"e-con-inner\">\n\t\t<div class=\"elementor-element elementor-element-708103a e-con-full e-flex e-con e-child\" data-id=\"708103a\" data-element_type=\"container\" data-settings=\"{&quot;background_background&quot;:&quot;classic&quot;}\">\n\t\t\t\t<div class=\"elementor-element elementor-element-751ee98 elementor-widget elementor-widget-image\" data-id=\"751ee98\" data-element_type=\"widget\" data-widget_type=\"image.default\">\n\t\t\t\t\t\t\t\t\t\t\t\t\t\t\t<img fetchpriority=\"high\" decoding=\"async\" width=\"800\" height=\"413\" src=\"https:\/\/www.9dieciseis.com\/wp-content\/uploads\/2025\/08\/Sin-titulo-22-e1754451868310-1024x529.png\" class=\"attachment-large size-large wp-image-37\" alt=\"\" srcset=\"https:\/\/www.9dieciseis.com\/wp-content\/uploads\/2025\/08\/Sin-titulo-22-e1754451868310-1024x529.png 1024w, https:\/\/www.9dieciseis.com\/wp-content\/uploads\/2025\/08\/Sin-titulo-22-e1754451868310-300x155.png 300w, https:\/\/www.9dieciseis.com\/wp-content\/uploads\/2025\/08\/Sin-titulo-22-e1754451868310-768x397.png 768w, https:\/\/www.9dieciseis.com\/wp-content\/uploads\/2025\/08\/Sin-titulo-22-e1754451868310.png 1078w\" sizes=\"(max-width: 800px) 100vw, 800px\" \/>\t\t\t\t\t\t\t\t\t\t\t\t\t\t\t<\/div>\n\t\t\t\t<\/div>\n\t\t<div class=\"elementor-element elementor-element-99f8b13 e-con-full e-flex e-con e-child\" data-id=\"99f8b13\" data-element_type=\"container\" data-settings=\"{&quot;background_background&quot;:&quot;classic&quot;}\">\n\t\t\t\t<div class=\"elementor-element elementor-element-78d9472 elementor-widget elementor-widget-heading\" data-id=\"78d9472\" data-element_type=\"widget\" data-widget_type=\"heading.default\">\n\t\t\t\t\t<h2 class=\"elementor-heading-title elementor-size-default\">Donde la creatividad se vuelve estrategia.<\/h2>\t\t\t\t<\/div>\n\t\t\t\t<\/div>\n\t\t\t\t\t<\/div>\n\t\t\t\t<\/div>\n\t\t<div class=\"elementor-element elementor-element-11a939e e-con-full e-flex e-con e-child\" data-id=\"11a939e\" data-element_type=\"container\" data-settings=\"{&quot;background_background&quot;:&quot;classic&quot;}\">\n\t\t\t\t<div class=\"elementor-element elementor-element-37bbe6b elementor-widget-mobile__width-inherit elementor-widget elementor-widget-text-editor\" data-id=\"37bbe6b\" data-element_type=\"widget\" data-widget_type=\"text-editor.default\">\n\t\t\t\t\t\t\t\t\t<p><strong>CONTACTO<\/strong><\/p><p>\u00a0<\/p>\t\t\t\t\t\t\t\t<\/div>\n\t\t\t\t<div class=\"elementor-element elementor-element-bbe3753 elementor-widget-mobile__width-inherit elementor-widget elementor-widget-text-editor\" data-id=\"bbe3753\" data-element_type=\"widget\" data-widget_type=\"text-editor.default\">\n\t\t\t\t\t\t\t\t\t<p>info@9dieciseis.com<\/p><p>+34 633544589<\/p><p><strong>BARCELONA<\/strong><\/p>\t\t\t\t\t\t\t\t<\/div>\n\t\t\t\t<\/div>\n\t\t<div class=\"elementor-element elementor-element-54fe4fb e-con-full e-flex e-con e-child\" data-id=\"54fe4fb\" data-element_type=\"container\" data-settings=\"{&quot;background_background&quot;:&quot;classic&quot;}\">\n\t\t\t\t<div class=\"elementor-element elementor-element-115ae3f elementor-widget-mobile__width-inherit elementor-widget elementor-widget-text-editor\" data-id=\"115ae3f\" data-element_type=\"widget\" data-widget_type=\"text-editor.default\">\n\t\t\t\t\t\t\t\t\t<p><strong>SERVICIOS<\/strong><\/p><p><a href=\"https:\/\/www.9dieciseis.com\/#NOSOTROS\">\u00a0 NOSOTROS<\/a><\/p><p><a href=\"https:\/\/www.9dieciseis.com\/#QUEHACEMOS\">\u00a0 \u00bfQUE HACEMOS?<\/a><\/p><p><a href=\"https:\/\/www.9dieciseis.com\/#NOSOTROS\">\u00a0 PORTAFOLIO<\/a><\/p><p><a href=\"https:\/\/www.9dieciseis.com\/#COMOTRABAJAMOS\">\u00a0 \u00bfC\u00d3MO TRABAJAMOS?<\/a><\/p><p><a href=\"https:\/\/www.9dieciseis.com\/#TESTIMONIOS\">\u00a0 TESTIMONIOS<\/a><\/p><p><a href=\"https:\/\/www.9dieciseis.com\/#NOSOTROS\">\u00a0 \u00bfQUIENES SOMOS?<\/a><\/p><p><a href=\"https:\/\/www.9dieciseis.com\/#HABLAMOS\">\u00a0 \u00bfHABLAMOS?<\/a><\/p>\t\t\t\t\t\t\t\t<\/div>\n\t\t\t\t<\/div>\n\t\t<div class=\"elementor-element elementor-element-21ff80c e-con-full e-flex e-con e-child\" data-id=\"21ff80c\" data-element_type=\"container\" data-settings=\"{&quot;background_background&quot;:&quot;classic&quot;}\">\n\t\t\t\t<div class=\"elementor-element elementor-element-0b5fb07 elementor-widget-mobile__width-inherit elementor-widget elementor-widget-text-editor\" data-id=\"0b5fb07\" data-element_type=\"widget\" data-widget_type=\"text-editor.default\">\n\t\t\t\t\t\t\t\t\t<p><strong>LEGAL<\/strong><\/p><p><a href=\"https:\/\/www.9dieciseis.com\/?page_id=976\">\u00a0Pol\u00edtica de Privacidad<\/a><\/p><p><a href=\"https:\/\/www.9dieciseis.com\/?page_id=977\">\u00a0Pol\u00edtica de Cookies<\/a><\/p><p>\u00a0<a href=\"https:\/\/www.9dieciseis.com\/?page_id=975\">Aviso Legal<\/a><\/p><p><a href=\"https:\/\/www.9dieciseis.com\/?page_id=977\">T\u00e9rminos y condiciones de Contrataci\u00f3n<\/a><\/p>\t\t\t\t\t\t\t\t<\/div>\n\t\t\t\t<\/div>\n\t\t\t\t<\/div>\n\t\t<div class=\"elementor-element elementor-element-f0291e6 e-flex e-con-boxed e-con e-parent\" data-id=\"f0291e6\" data-element_type=\"container\" data-settings=\"{&quot;background_background&quot;:&quot;classic&quot;}\">\n\t\t\t\t\t<div class=\"e-con-inner\">\n\t\t\t\t<div class=\"elementor-element elementor-element-f5525b9 elementor-widget__width-inherit elementor-widget elementor-widget-text-editor\" data-id=\"f5525b9\" data-element_type=\"widget\" data-widget_type=\"text-editor.default\">\n\t\t\t\t\t\t\t\t\t<p><span lang=\"es-419\" style=\"font-size: 11.0pt; line-height: 115%; font-family: 'Arial',sans-serif; mso-fareast-font-family: Arial; mso-ansi-language: #580A; mso-fareast-language: ES-CO; mso-bidi-language: AR-SA;\">\u00a9 2025 9dieciseis.<\/span><span lang=\"es-419\" style=\"font-size: 11.0pt; line-height: 115%; font-family: 'Arial',sans-serif; mso-fareast-font-family: Arial; mso-ansi-language: #580A; mso-fareast-language: ES-CO; mso-bidi-language: AR-SA;\">Producci\u00f3n y estrategia digital desde Barcelona.<\/span><\/p>\t\t\t\t\t\t\t\t<\/div>\n\t\t\t\t\t<\/div>\n\t\t\t\t<\/div>\n\t\t\t\t<\/div>\n\t\t","protected":false},"excerpt":{"rendered":"<p>\u00a0 AVISO LEGAL En cumplimiento del art\u00edculo 10 de la Ley 34\/2002, de 11 de julio, de Servicios de la Sociedad de la Informaci\u00f3n y del Comercio Electr\u00f3nico (LSSI\u2011CE), y conforme al Reglamento (UE) 2016\/679 (RGPD) y la Ley Org\u00e1nica 3\/2018, de 5 de diciembre, de Protecci\u00f3n de Datos Personales y garant\u00eda de los derechos [&hellip;]<\/p>\n","protected":false},"author":1,"featured_media":0,"parent":0,"menu_order":0,"comment_status":"closed","ping_status":"closed","template":"elementor_canvas","meta":{"footnotes":""},"class_list":["post-975","page","type-page","status-publish","hentry"],"_links":{"self":[{"href":"https:\/\/www.9dieciseis.com\/index.php?rest_route=\/wp\/v2\/pages\/975","targetHints":{"allow":["GET"]}}],"collection":[{"href":"https:\/\/www.9dieciseis.com\/index.php?rest_route=\/wp\/v2\/pages"}],"about":[{"href":"https:\/\/www.9dieciseis.com\/index.php?rest_route=\/wp\/v2\/types\/page"}],"author":[{"embeddable":true,"href":"https:\/\/www.9dieciseis.com\/index.php?rest_route=\/wp\/v2\/users\/1"}],"replies":[{"embeddable":true,"href":"https:\/\/www.9dieciseis.com\/index.php?rest_route=%2Fwp%2Fv2%2Fcomments&post=975"}],"version-history":[{"count":21,"href":"https:\/\/www.9dieciseis.com\/index.php?rest_route=\/wp\/v2\/pages\/975\/revisions"}],"predecessor-version":[{"id":1116,"href":"https:\/\/www.9dieciseis.com\/index.php?rest_route=\/wp\/v2\/pages\/975\/revisions\/1116"}],"wp:attachment":[{"href":"https:\/\/www.9dieciseis.com\/index.php?rest_route=%2Fwp%2Fv2%2Fmedia&parent=975"}],"curies":[{"name":"wp","href":"https:\/\/api.w.org\/{rel}","templated":true}]}}