{"id":977,"date":"2025-08-26T02:50:06","date_gmt":"2025-08-26T02:50:06","guid":{"rendered":"https:\/\/www.9dieciseis.com\/?page_id=977"},"modified":"2025-08-26T03:47:37","modified_gmt":"2025-08-26T03:47:37","slug":"terminos-y-condiciones","status":"publish","type":"page","link":"https:\/\/www.9dieciseis.com\/?page_id=977","title":{"rendered":"T\u00e9rminos y condiciones de contrataci\u00f3n"},"content":{"rendered":"\t\t<div data-elementor-type=\"wp-page\" data-elementor-id=\"977\" class=\"elementor elementor-977\" data-elementor-post-type=\"page\">\n\t\t\t\t<div class=\"elementor-element elementor-element-3e712c6 e-con-full e-flex e-con e-parent\" data-id=\"3e712c6\" data-element_type=\"container\" data-settings=\"{&quot;background_background&quot;:&quot;classic&quot;,&quot;background_motion_fx_motion_fx_scrolling&quot;:&quot;yes&quot;,&quot;background_motion_fx_translateY_effect&quot;:&quot;yes&quot;,&quot;background_motion_fx_translateY_speed&quot;:{&quot;unit&quot;:&quot;px&quot;,&quot;size&quot;:7.5,&quot;sizes&quot;:[]},&quot;background_motion_fx_translateY_affectedRange&quot;:{&quot;unit&quot;:&quot;%&quot;,&quot;size&quot;:&quot;&quot;,&quot;sizes&quot;:{&quot;start&quot;:18,&quot;end&quot;:76}},&quot;background_motion_fx_devices&quot;:[&quot;desktop&quot;,&quot;tablet&quot;,&quot;mobile&quot;]}\">\n\t\t<div class=\"elementor-element elementor-element-b3b65d1 e-con-full e-flex e-con e-child\" data-id=\"b3b65d1\" data-element_type=\"container\">\n\t\t\t\t<div class=\"elementor-element elementor-element-6b6529c elementor-widget-mobile__width-inherit elementor-widget elementor-widget-image\" data-id=\"6b6529c\" data-element_type=\"widget\" data-widget_type=\"image.default\">\n\t\t\t\t\t\t\t\t\t\t\t\t\t\t\t\t<a href=\"https:\/\/www.9dieciseis.com\">\n\t\t\t\t\t\t\t<img fetchpriority=\"high\" decoding=\"async\" width=\"800\" height=\"413\" src=\"https:\/\/www.9dieciseis.com\/wp-content\/uploads\/2025\/08\/Sin-titulo-22-e1754451868310-1024x529.png\" class=\"attachment-large size-large wp-image-37\" alt=\"\" srcset=\"https:\/\/www.9dieciseis.com\/wp-content\/uploads\/2025\/08\/Sin-titulo-22-e1754451868310-1024x529.png 1024w, https:\/\/www.9dieciseis.com\/wp-content\/uploads\/2025\/08\/Sin-titulo-22-e1754451868310-300x155.png 300w, https:\/\/www.9dieciseis.com\/wp-content\/uploads\/2025\/08\/Sin-titulo-22-e1754451868310-768x397.png 768w, https:\/\/www.9dieciseis.com\/wp-content\/uploads\/2025\/08\/Sin-titulo-22-e1754451868310.png 1078w\" sizes=\"(max-width: 800px) 100vw, 800px\" \/>\t\t\t\t\t\t\t\t<\/a>\n\t\t\t\t\t\t\t\t\t\t\t\t\t\t\t<\/div>\n\t\t\t\t<\/div>\n\t\t<div class=\"elementor-element elementor-element-03e831b e-con-full e-flex e-con e-child\" data-id=\"03e831b\" data-element_type=\"container\">\n\t\t<div class=\"elementor-element elementor-element-75efd23 e-con-full e-flex e-con e-child\" data-id=\"75efd23\" data-element_type=\"container\">\n\t\t\t\t<\/div>\n\t\t\t\t<\/div>\n\t\t\t\t<\/div>\n\t\t<div class=\"elementor-element elementor-element-95b8a21 e-con-full e-flex e-con e-parent\" data-id=\"95b8a21\" data-element_type=\"container\" data-settings=\"{&quot;background_background&quot;:&quot;classic&quot;}\">\n\t\t\t\t<div class=\"elementor-element elementor-element-970e12e elementor-widget elementor-widget-text-editor\" data-id=\"970e12e\" data-element_type=\"widget\" data-widget_type=\"text-editor.default\">\n\t\t\t\t\t\t\t\t\t<h1><strong>Condiciones de Contrataci\u00f3n<\/strong><\/h1><p>\u00a0En caso de que el usuario contrate servicios ofrecidos a trav\u00e9s de la web, las condiciones generales de contrataci\u00f3n son:<br \/><br \/>\u00a0&#8211; Identificaci\u00f3n del prestador de servicios: 9DIECISEIS BARCELONA S.L.<br \/>\u00a0&#8211; Proceso de contrataci\u00f3n: detallado en la web en cada servicio.<br \/>\u00a0&#8211; Precios: se mostrar\u00e1n siempre con impuestos incluidos.<br \/>\u00a0&#8211; M\u00e9todos de pago: seg\u00fan se especifique en la plataforma de pago.<br \/>\u00a0&#8211; Condiciones de entrega o prestaci\u00f3n: se informar\u00e1n en cada caso seg\u00fan el tipo de servicio contratado.<br \/>\u00a0&#8211; Derecho de desistimiento: 14 d\u00edas naturales para consumidores, salvo excepciones legales.<br \/>\u00a0&#8211; Garant\u00edas y responsabilidades: conforme a la legislaci\u00f3n vigente.<br \/>\u00a0&#8211; Resoluci\u00f3n de conflictos: tribunales competentes en Barcelona, salvo sometimiento a arbitraje o resoluci\u00f3n extrajudicial.<\/p>\t\t\t\t\t\t\t\t<\/div>\n\t\t\t\t<\/div>\n\t\t<div class=\"elementor-element elementor-element-c4ce487 e-con-full e-flex e-con e-parent\" data-id=\"c4ce487\" data-element_type=\"container\" data-settings=\"{&quot;background_background&quot;:&quot;classic&quot;}\">\n\t\t<div class=\"elementor-element elementor-element-0400015 e-flex e-con-boxed e-con e-child\" data-id=\"0400015\" data-element_type=\"container\">\n\t\t\t\t\t<div class=\"e-con-inner\">\n\t\t<div class=\"elementor-element elementor-element-4ab8831 e-con-full e-flex e-con e-child\" data-id=\"4ab8831\" data-element_type=\"container\" data-settings=\"{&quot;background_background&quot;:&quot;classic&quot;}\">\n\t\t\t\t<div class=\"elementor-element elementor-element-735d367 elementor-widget elementor-widget-image\" data-id=\"735d367\" data-element_type=\"widget\" data-widget_type=\"image.default\">\n\t\t\t\t\t\t\t\t\t\t\t\t\t\t\t<img fetchpriority=\"high\" decoding=\"async\" width=\"800\" height=\"413\" src=\"https:\/\/www.9dieciseis.com\/wp-content\/uploads\/2025\/08\/Sin-titulo-22-e1754451868310-1024x529.png\" class=\"attachment-large size-large wp-image-37\" alt=\"\" srcset=\"https:\/\/www.9dieciseis.com\/wp-content\/uploads\/2025\/08\/Sin-titulo-22-e1754451868310-1024x529.png 1024w, https:\/\/www.9dieciseis.com\/wp-content\/uploads\/2025\/08\/Sin-titulo-22-e1754451868310-300x155.png 300w, https:\/\/www.9dieciseis.com\/wp-content\/uploads\/2025\/08\/Sin-titulo-22-e1754451868310-768x397.png 768w, https:\/\/www.9dieciseis.com\/wp-content\/uploads\/2025\/08\/Sin-titulo-22-e1754451868310.png 1078w\" sizes=\"(max-width: 800px) 100vw, 800px\" \/>\t\t\t\t\t\t\t\t\t\t\t\t\t\t\t<\/div>\n\t\t\t\t<\/div>\n\t\t<div class=\"elementor-element elementor-element-2a7d162 e-con-full e-flex e-con e-child\" data-id=\"2a7d162\" data-element_type=\"container\" data-settings=\"{&quot;background_background&quot;:&quot;classic&quot;}\">\n\t\t\t\t<div class=\"elementor-element elementor-element-fd7cf34 elementor-widget elementor-widget-heading\" data-id=\"fd7cf34\" data-element_type=\"widget\" data-widget_type=\"heading.default\">\n\t\t\t\t\t<h2 class=\"elementor-heading-title elementor-size-default\">Donde la creatividad se vuelve estrategia.<\/h2>\t\t\t\t<\/div>\n\t\t\t\t<\/div>\n\t\t\t\t\t<\/div>\n\t\t\t\t<\/div>\n\t\t<div class=\"elementor-element elementor-element-9dffe49 e-con-full e-flex e-con e-child\" data-id=\"9dffe49\" data-element_type=\"container\" data-settings=\"{&quot;background_background&quot;:&quot;classic&quot;}\">\n\t\t\t\t<div class=\"elementor-element elementor-element-64b2e00 elementor-widget-mobile__width-inherit elementor-widget elementor-widget-text-editor\" data-id=\"64b2e00\" data-element_type=\"widget\" data-widget_type=\"text-editor.default\">\n\t\t\t\t\t\t\t\t\t<p><strong>CONTACTO<\/strong><\/p><p>\u00a0<\/p>\t\t\t\t\t\t\t\t<\/div>\n\t\t\t\t<div class=\"elementor-element elementor-element-5221815 elementor-widget-mobile__width-inherit elementor-widget elementor-widget-text-editor\" data-id=\"5221815\" data-element_type=\"widget\" data-widget_type=\"text-editor.default\">\n\t\t\t\t\t\t\t\t\t<p>info@9dieciseis.com<\/p><p>+34 633544589<\/p><p><strong>BARCELONA<\/strong><\/p>\t\t\t\t\t\t\t\t<\/div>\n\t\t\t\t<\/div>\n\t\t<div class=\"elementor-element elementor-element-3054b40 e-con-full e-flex e-con e-child\" data-id=\"3054b40\" data-element_type=\"container\" data-settings=\"{&quot;background_background&quot;:&quot;classic&quot;}\">\n\t\t\t\t<div class=\"elementor-element elementor-element-1108bee elementor-widget-mobile__width-inherit elementor-widget elementor-widget-text-editor\" data-id=\"1108bee\" data-element_type=\"widget\" data-widget_type=\"text-editor.default\">\n\t\t\t\t\t\t\t\t\t<p><strong>SERVICIOS<\/strong><\/p><p><a href=\"https:\/\/www.9dieciseis.com\/#NOSOTROS\">\u00a0 NOSOTROS<\/a><\/p><p><a href=\"https:\/\/www.9dieciseis.com\/#QUEHACEMOS\">\u00a0 \u00bfQUE HACEMOS?<\/a><\/p><p><a href=\"https:\/\/www.9dieciseis.com\/#NOSOTROS\">\u00a0 PORTAFOLIO<\/a><\/p><p><a href=\"https:\/\/www.9dieciseis.com\/#COMOTRABAJAMOS\">\u00a0 \u00bfC\u00d3MO TRABAJAMOS?<\/a><\/p><p><a href=\"https:\/\/www.9dieciseis.com\/#TESTIMONIOS\">\u00a0 TESTIMONIOS<\/a><\/p><p><a href=\"https:\/\/www.9dieciseis.com\/#NOSOTROS\">\u00a0 \u00bfQUIENES SOMOS?<\/a><\/p><p><a href=\"https:\/\/www.9dieciseis.com\/#HABLAMOS\">\u00a0 \u00bfHABLAMOS?<\/a><\/p>\t\t\t\t\t\t\t\t<\/div>\n\t\t\t\t<\/div>\n\t\t<div class=\"elementor-element elementor-element-8a4fe95 e-con-full e-flex e-con e-child\" data-id=\"8a4fe95\" data-element_type=\"container\" data-settings=\"{&quot;background_background&quot;:&quot;classic&quot;}\">\n\t\t\t\t<div class=\"elementor-element elementor-element-e09962f elementor-widget-mobile__width-inherit elementor-widget elementor-widget-text-editor\" data-id=\"e09962f\" data-element_type=\"widget\" data-widget_type=\"text-editor.default\">\n\t\t\t\t\t\t\t\t\t<p><strong>LEGAL<\/strong><\/p><p><a href=\"https:\/\/www.9dieciseis.com\/?page_id=976\">\u00a0Pol\u00edtica de Privacidad<\/a><\/p><p><a href=\"https:\/\/www.9dieciseis.com\/?page_id=977\">\u00a0Pol\u00edtica de Cookies<\/a><\/p><p>\u00a0<a href=\"https:\/\/www.9dieciseis.com\/?page_id=975\">Aviso Legal<\/a><\/p><p><a href=\"https:\/\/www.9dieciseis.com\/?page_id=977\">T\u00e9rminos y condiciones de Contrataci\u00f3n<\/a><\/p>\t\t\t\t\t\t\t\t<\/div>\n\t\t\t\t<\/div>\n\t\t\t\t<\/div>\n\t\t<div class=\"elementor-element elementor-element-9eaed1e e-flex e-con-boxed e-con e-parent\" data-id=\"9eaed1e\" data-element_type=\"container\" data-settings=\"{&quot;background_background&quot;:&quot;classic&quot;}\">\n\t\t\t\t\t<div class=\"e-con-inner\">\n\t\t\t\t<div class=\"elementor-element elementor-element-87bc6f5 elementor-widget__width-inherit elementor-widget elementor-widget-text-editor\" data-id=\"87bc6f5\" data-element_type=\"widget\" data-widget_type=\"text-editor.default\">\n\t\t\t\t\t\t\t\t\t<p><span lang=\"es-419\" style=\"font-size: 11.0pt; line-height: 115%; font-family: 'Arial',sans-serif; mso-fareast-font-family: Arial; mso-ansi-language: #580A; mso-fareast-language: ES-CO; mso-bidi-language: AR-SA;\">\u00a9 2025 9dieciseis.<\/span><span lang=\"es-419\" style=\"font-size: 11.0pt; line-height: 115%; font-family: 'Arial',sans-serif; mso-fareast-font-family: Arial; mso-ansi-language: #580A; mso-fareast-language: ES-CO; mso-bidi-language: AR-SA;\">Producci\u00f3n y estrategia digital desde Barcelona.<\/span><\/p>\t\t\t\t\t\t\t\t<\/div>\n\t\t\t\t\t<\/div>\n\t\t\t\t<\/div>\n\t\t\t\t<\/div>\n\t\t","protected":false},"excerpt":{"rendered":"<p>Condiciones de Contrataci\u00f3n \u00a0En caso de que el usuario contrate servicios ofrecidos a trav\u00e9s de la web, las condiciones generales de contrataci\u00f3n son: \u00a0&#8211; Identificaci\u00f3n del prestador de servicios: 9DIECISEIS BARCELONA S.L.\u00a0&#8211; Proceso de contrataci\u00f3n: detallado en la web en cada servicio.\u00a0&#8211; Precios: se mostrar\u00e1n siempre con impuestos incluidos.\u00a0&#8211; M\u00e9todos de pago: seg\u00fan se especifique [&hellip;]<\/p>\n","protected":false},"author":1,"featured_media":0,"parent":0,"menu_order":0,"comment_status":"closed","ping_status":"closed","template":"elementor_canvas","meta":{"footnotes":""},"class_list":["post-977","page","type-page","status-publish","hentry"],"_links":{"self":[{"href":"https:\/\/www.9dieciseis.com\/index.php?rest_route=\/wp\/v2\/pages\/977","targetHints":{"allow":["GET"]}}],"collection":[{"href":"https:\/\/www.9dieciseis.com\/index.php?rest_route=\/wp\/v2\/pages"}],"about":[{"href":"https:\/\/www.9dieciseis.com\/index.php?rest_route=\/wp\/v2\/types\/page"}],"author":[{"embeddable":true,"href":"https:\/\/www.9dieciseis.com\/index.php?rest_route=\/wp\/v2\/users\/1"}],"replies":[{"embeddable":true,"href":"https:\/\/www.9dieciseis.com\/index.php?rest_route=%2Fwp%2Fv2%2Fcomments&post=977"}],"version-history":[{"count":7,"href":"https:\/\/www.9dieciseis.com\/index.php?rest_route=\/wp\/v2\/pages\/977\/revisions"}],"predecessor-version":[{"id":1031,"href":"https:\/\/www.9dieciseis.com\/index.php?rest_route=\/wp\/v2\/pages\/977\/revisions\/1031"}],"wp:attachment":[{"href":"https:\/\/www.9dieciseis.com\/index.php?rest_route=%2Fwp%2Fv2%2Fmedia&parent=977"}],"curies":[{"name":"wp","href":"https:\/\/api.w.org\/{rel}","templated":true}]}}